{"id":372,"date":"2022-05-16T16:42:19","date_gmt":"2022-05-16T15:42:19","guid":{"rendered":"https:\/\/gp-inbound.wordifysites.com\/?page_id=372"},"modified":"2024-06-19T14:37:49","modified_gmt":"2024-06-19T14:37:49","slug":"servicios","status":"publish","type":"page","link":"https:\/\/hogeitabi.com\/en\/services\/","title":{"rendered":"Services"},"content":{"rendered":"<section class=\"gb-container gb-container-191114f9\">\n<div class=\"gb-container gb-container-49e56edb\">\n\n<figure class=\"gb-block-image gb-block-image-ad6d2ba8\"><img decoding=\"async\" class=\"gb-image gb-image-ad6d2ba8\" src=\"https:\/\/hogeitabi.com\/wp-content\/uploads\/2022\/05\/seo-4545831.svg\" title=\"seo-4545831\"\/><\/figure>\n\n<\/div>\n\n<div class=\"gb-container gb-container-dfac1555\">\n\n<h2 class=\"gb-headline gb-headline-608020c5 gb-headline-text\">AUMENTA TUS VENTAS<\/h2>\n\n\n\n<p class=\"gb-headline gb-headline-5f1bb806 gb-headline-text\"><\/p>\n\n\n<div class=\"gb-grid-wrapper gb-grid-wrapper-b8190d88\">\n<div class=\"gb-grid-column gb-grid-column-217dba65\"><div class=\"gb-container gb-container-217dba65\">\n\n<h3 class=\"gb-headline gb-headline-d63cbc01\"><span class=\"gb-icon\"><svg viewBox=\"0 0 512 512\" xmlns=\"http:\/\/www.w3.org\/2000\/svg\"><path d=\"M498.347 392.533h-3.413V102.4c0-18.773-15.36-34.133-34.133-34.133H51.2c-18.773 0-34.133 15.36-34.133 34.133v290.133h-3.413C5.973 392.533 0 398.507 0 406.187v23.893c0 7.68 5.973 13.653 13.653 13.653h484.693c7.68 0 13.653-5.973 13.653-13.653v-23.893c.001-7.68-5.972-13.654-13.652-13.654zM34.133 102.4c0-9.387 7.68-17.067 17.067-17.067h409.6c9.387 0 17.067 7.68 17.067 17.067v290.133H300.373l-1.707 5.973c-.107.107-.227.227-.358.355-.922.898-2.415 2.205-3.908 2.205h-68.267c-1.28 0-2.133-.213-2.773-.64-.64-.427-1.067-1.067-1.493-1.92l-1.707-5.973H34.133V102.4zm460.8 324.267H17.067V409.6h192c4.267 5.12 10.24 8.533 17.067 8.533H294.4c6.827 0 12.8-3.413 17.067-8.533h183.467v17.067z\"><\/path><path d=\"M460.8 366.933v-256c0-5.12-3.413-8.533-8.533-8.533H59.733c-5.12 0-8.533 3.413-8.533 8.533v256c0 5.12 3.413 8.533 8.533 8.533h392.533c5.121.001 8.534-3.413 8.534-8.533zm-17.067-8.533H68.267V119.467h375.467V358.4z\"><\/path><path d=\"M179.2 264.533h-13.653c-5.12 0-11.093-2.56-14.507-5.973s-8.533-3.413-11.947 0-3.413 8.533 0 11.947c6.827 6.827 16.213 11.093 26.453 11.093H179.2c14.507 0 25.6-11.093 25.6-25.6 0-14.507-11.093-25.6-25.6-25.6h-17.066c-5.12 0-8.533-3.413-8.533-8.533 0-5.12 3.413-8.533 8.533-8.533h13.653c5.12 0 11.093 2.56 14.507 5.973s8.533 3.413 11.947 0c3.413-3.413 3.413-8.533 0-11.947-6.827-6.827-16.213-11.093-26.453-11.093h-13.653c-14.507 0-25.6 11.093-25.6 25.6 0 14.507 11.093 25.6 25.6 25.6h17.066c5.12 0 8.533 3.413 8.533 8.533s-3.414 8.533-8.534 8.533zM230.4 281.6h51.2c5.12 0 8.533-3.413 8.533-8.533 0-5.12-3.413-8.533-8.533-8.533h-42.667v-17.067h25.6c5.12 0 8.533-3.413 8.533-8.533s-3.413-8.533-8.533-8.533h-25.6v-17.067H281.6c5.12 0 8.533-3.413 8.533-8.533s-3.413-8.533-8.533-8.533h-51.2c-5.12 0-8.533 3.413-8.533 8.533v68.267c0 5.119 3.413 8.532 8.533 8.532zM341.333 281.6c18.773 0 34.133-15.36 34.133-34.133V230.4c0-18.773-15.36-34.133-34.133-34.133-18.773 0-34.133 15.36-34.133 34.133v17.067c0 18.773 15.36 34.133 34.133 34.133zm-17.066-51.2c0-9.387 7.68-17.067 17.067-17.067s17.067 7.68 17.067 17.067v17.067c0 9.387-7.68 17.067-17.067 17.067s-17.067-7.68-17.067-17.067V230.4z\"><\/path><\/svg><\/span><span class=\"gb-headline-text\">On-page optimization<\/span><\/h3>\n\n\n\n<p class=\"gb-headline gb-headline-ab787109 gb-headline-text\"><\/p>\n\n<\/div><\/div>\n\n<div class=\"gb-grid-column gb-grid-column-eeb8dcfe\"><div class=\"gb-container gb-container-eeb8dcfe\">\n\n<h3 class=\"gb-headline gb-headline-9996dfa9\"><span class=\"gb-icon\"><svg viewBox=\"0 0 347.873 347.873\" xmlns=\"http:\/\/www.w3.org\/2000\/svg\"><path d=\"M64.148 76.604h219.576v34.249H64.148zM64.148 136.389h150.046v80.215H64.148zM242.927 136.389h40.798v80.215h-40.798z\"><\/path><path d=\"M337.873 33.937H10c-5.523 0-10 4.477-10 10V254.33c0 5.523 4.477 10 10 10h114.979c-4.407 21.476-14.601 32.572-14.674 32.651a9.999 9.999 0 0 0 7.184 16.956h112.895a9.998 9.998 0 0 0 7.184-16.956c-.117-.122-10.279-11.174-14.676-32.651h114.981c5.523 0 10-4.477 10-10V43.937c0-5.523-4.477-10-10-10zm-10 210.392h-16.311v-2.816c0-5.523-4.477-10-10-10s-10 4.477-10 10v2.816h-10.439v-2.816c0-5.523-4.477-10-10-10-5.522 0-10 4.477-10 10v2.816H20V53.937h307.873v190.392z\"><\/path><\/svg><\/span><span class=\"gb-headline-text\">Off-page optimization<\/span><\/h3>\n\n\n\n<p class=\"gb-headline gb-headline-f396333a gb-headline-text\">Donectempus ex elementum aliquet pharetra.<\/p>\n\n<\/div><\/div>\n<\/div>\n<\/div>\n<\/section>\n\n<section class=\"gb-container gb-container-a3a4d599\">\n<div class=\"gb-container gb-container-7b29a31e\">\n\n<h2 class=\"gb-headline gb-headline-ae368e73 gb-headline-text\">NUESTROS SERVICIOS<\/h2>\n\n\n\n<p class=\"gb-headline gb-headline-16ec3629 gb-headline-text\"><\/p>\n\n\n<div class=\"gb-container gb-container-8314f72b\">\n<div class=\"gb-grid-wrapper gb-grid-wrapper-060dec2f\">\n<div class=\"gb-grid-column gb-grid-column-04dcb2bb\"><div class=\"gb-container gb-container-04dcb2bb\">\n\n<p style=\"font-size:120px\">\ud83c\udf10<\/p>\n\n\n\n<h2 class=\"gb-headline gb-headline-b94667ce gb-headline-text\">Desarrollo Web y UX\/UI<\/h2>\n\n\n\n<p class=\"gb-headline gb-headline-a433ec01 gb-headline-text\">Dise\u00f1o y desarrollo de sitios web optimizados para todos los dispositivos, enfoc\u00e1ndose en la usabilidad y la experiencia del usuario.<\/p>\n\n\n\n<a class=\"gb-button gb-button-1109eb84 gb-button-text\" href=\"#\">M\u00c1S<\/a>\n\n<\/div><\/div>\n\n<div class=\"gb-grid-column gb-grid-column-c1f8d4f2\"><div class=\"gb-container gb-container-c1f8d4f2\">\n\n<p style=\"font-size:120px\">\ud83c\udfa8<\/p>\n\n\n\n<h2 class=\"gb-headline gb-headline-e86deb06 gb-headline-text\">Dise\u00f1o de Experiencia e Interfaz de Usuario (UX\/UI)<\/h2>\n\n\n\n<p class=\"gb-headline gb-headline-f7f80969 gb-headline-text\">Creaci\u00f3n de experiencias de usuario intuitivas y atractivas interfaces visuales para aplicaciones web y m\u00f3viles.<\/p>\n\n\n\n<a class=\"gb-button gb-button-bac3660a gb-button-text\" href=\"#\">M\u00c1S<\/a>\n\n<\/div><\/div>\n\n<div class=\"gb-grid-column gb-grid-column-38ac4708\"><div class=\"gb-container gb-container-38ac4708\">\n\n<p style=\"font-size:120px\">\ud83d\udd0d<\/p>\n\n\n\n<h2 class=\"gb-headline gb-headline-a9f855c2 gb-headline-text\">Optimizaci\u00f3n de Motores de B\u00fasqueda (SEO)<\/h2>\n\n\n\n<p class=\"gb-headline gb-headline-8bfc32e5 gb-headline-text\">Estrategias avanzadas de SEO para mejorar el posicionamiento en los resultados de b\u00fasqueda y aumentar la visibilidad online.<\/p>\n\n\n\n<a class=\"gb-button gb-button-a31ac914 gb-button-text\" href=\"#\">M\u00c1S<\/a>\n\n<\/div><\/div>\n\n<div class=\"gb-grid-column gb-grid-column-928e6fd4\"><div class=\"gb-container gb-container-928e6fd4\">\n\n<p style=\"font-size:120px\">\u270d\ufe0f<\/p>\n\n\n\n<h2 class=\"gb-headline gb-headline-cb3fb09e gb-headline-text\">Marketing de Contenidos<\/h2>\n\n\n\n<p class=\"gb-headline gb-headline-52aa8eaf gb-headline-text\">Desarrollo y distribuci\u00f3n de contenido relevante y valioso para atraer, adquirir y comprometer a una audiencia claramente definida.<\/p>\n\n\n\n<a class=\"gb-button gb-button-5da82cd2 gb-button-text\" href=\"#\">M\u00c1S<\/a>\n\n<\/div><\/div>\n\n<div class=\"gb-grid-column gb-grid-column-e70efd33\"><div class=\"gb-container gb-container-e70efd33\">\n\n<p style=\"font-size:120px\">\ud83d\udcf1<\/p>\n\n\n\n<h2 class=\"gb-headline gb-headline-53cbe673 gb-headline-text\">Gesti\u00f3n de Redes Sociales<\/h2>\n\n\n\n<p class=\"gb-headline gb-headline-4e6d1b43 gb-headline-text\">Estrategias de contenido, publicidad y engagement para construir y mantener una presencia activa en plataformas sociales.<\/p>\n\n\n\n<a class=\"gb-button gb-button-ed9820a3 gb-button-text\" href=\"#\">M\u00c1S<\/a>\n\n<\/div><\/div>\n\n<div class=\"gb-grid-column gb-grid-column-e4145ba2\"><div class=\"gb-container gb-container-e4145ba2\">\n\n<p style=\"font-size:120px\">\ud83d\udcb8<\/p>\n\n\n\n<h2 class=\"gb-headline gb-headline-3b2cce72 gb-headline-text\">Publicidad en Redes Sociales<\/h2>\n\n\n\n<p class=\"gb-headline gb-headline-421ecf25 gb-headline-text\">Campa\u00f1as publicitarias dirigidas en plataformas como Facebook, Instagram, LinkedIn, para alcanzar objetivos espec\u00edficos de marketing.<\/p>\n\n\n\n<a class=\"gb-button gb-button-15e50fd4 gb-button-text\" href=\"#\">M\u00c1S<\/a>\n\n<\/div><\/div>\n\n<div class=\"gb-grid-column gb-grid-column-df6426a9\"><div class=\"gb-container gb-container-df6426a9\">\n\n<p style=\"font-size:120px\">\u2699\ufe0f<\/p>\n\n\n\n<h2 class=\"gb-headline gb-headline-6b8d20d0 gb-headline-text\">Automatizaci\u00f3n de Marketing<\/h2>\n\n\n\n<p class=\"gb-headline gb-headline-fd4b0e18 gb-headline-text\">Implementaci\u00f3n de sistemas para automatizar procesos de marketing repetitivos, como emails, publicaciones en redes sociales, y otras acciones de marketing.<\/p>\n\n\n\n<a class=\"gb-button gb-button-bb61e6aa gb-button-text\" href=\"#\">M\u00c1S<\/a>\n\n<\/div><\/div>\n\n<div class=\"gb-grid-column gb-grid-column-ca8873e4\"><div class=\"gb-container gb-container-ca8873e4\">\n\n<p style=\"font-size:120px\">\ud83e\udde0<\/p>\n\n\n\n<h2 class=\"gb-headline gb-headline-acc9186b gb-headline-text\">Inteligencia Artificial en Marketing<\/h2>\n\n\n\n<p class=\"gb-headline gb-headline-f7127a0d gb-headline-text\">Aplicaci\u00f3n de IA y machine learning para personalizar la experiencia del cliente, an\u00e1lisis predictivo, y optimizaci\u00f3n de campa\u00f1as.<\/p>\n\n\n\n<a class=\"gb-button gb-button-e9984f4f gb-button-text\" href=\"#\">M\u00c1S<\/a>\n\n<\/div><\/div>\n\n<div class=\"gb-grid-column gb-grid-column-369b07f5\"><div class=\"gb-container gb-container-369b07f5\">\n\n<p style=\"font-size:120px\">\u2709\ufe0f<\/p>\n\n\n\n<h2 class=\"gb-headline gb-headline-54435deb gb-headline-text\">Email Marketing<\/h2>\n\n\n\n<p class=\"gb-headline gb-headline-fb00a2e9 gb-headline-text\">Dise\u00f1o y env\u00edo de campa\u00f1as de correo electr\u00f3nico personalizadas para nutrir leads y fidelizar clientes.<\/p>\n\n\n\n<a class=\"gb-button gb-button-96845d4e gb-button-text\" href=\"#\">M\u00c1S<\/a>\n\n<\/div><\/div>\n\n<div class=\"gb-grid-column gb-grid-column-891b6341\"><div class=\"gb-container gb-container-891b6341\">\n\n<p style=\"font-size:120px\">\ud83d\udcca<\/p>\n\n\n\n<h2 class=\"gb-headline gb-headline-162135a9 gb-headline-text\">An\u00e1lisis de Datos y Business Intelligence<\/h2>\n\n\n\n<p class=\"gb-headline gb-headline-cac8d293 gb-headline-text\">Uso de herramientas anal\u00edticas para recopilar, procesar y analizar datos de negocio, orientando la toma de decisiones estrat\u00e9gicas.<\/p>\n\n\n\n<a class=\"gb-button gb-button-2c58c5fc gb-button-text\" href=\"#\">M\u00c1S<\/a>\n\n<\/div><\/div>\n\n<div class=\"gb-grid-column gb-grid-column-0b6392d5\"><div class=\"gb-container gb-container-0b6392d5\">\n\n<p style=\"font-size:120px\">\ud83c\udfaf<\/p>\n\n\n\n<h2 class=\"gb-headline gb-headline-cc1452b2 gb-headline-text\">Publicidad Digital y SEM<\/h2>\n\n\n\n<p class=\"gb-headline gb-headline-1c4b4481 gb-headline-text\">Estrategias de publicidad online, incluyendo PPC y SEM, para aumentar el tr\u00e1fico web y la conversi\u00f3n a trav\u00e9s de anuncios pagados.<\/p>\n\n\n\n<a class=\"gb-button gb-button-99851e3f gb-button-text\" href=\"#\">M\u00c1S<\/a>\n\n<\/div><\/div>\n\n<div class=\"gb-grid-column gb-grid-column-14e1c365\"><div class=\"gb-container gb-container-14e1c365\">\n\n<p style=\"font-size:120px\">\ud83e\udd16<\/p>\n\n\n\n<h2 class=\"gb-headline gb-headline-5c9dd0f6 gb-headline-text\">Chatbots y Asistentes Virtuales<\/h2>\n\n\n\n<p class=\"gb-headline gb-headline-72e331ac gb-headline-text\">Desarrollo de chatbots y asistentes virtuales basados en IA para mejorar la atenci\u00f3n al cliente y automatizar la interacci\u00f3n con los usuarios.<\/p>\n\n\n\n<a class=\"gb-button gb-button-0edac767 gb-button-text\" href=\"#\">M\u00c1S<\/a>\n\n<\/div><\/div>\n<\/div>\n<\/div>\n<\/div>\n<\/section>\n\n<section class=\"gb-container gb-container-6ad90a79\">\n<div class=\"gb-grid-wrapper gb-grid-wrapper-060a99a2\">\n<div class=\"gb-grid-column gb-grid-column-4ef4b3b8\"><div class=\"gb-container gb-container-4ef4b3b8\">\n\n<h2 class=\"gb-headline gb-headline-096dcefc\"><span class=\"gb-icon\"><svg viewBox=\"0 0 24 24\" xmlns=\"http:\/\/www.w3.org\/2000\/svg\" data-name=\"24x24\/On Light\/Achievements\"><path d=\"M0 0h24v24H0z\" fill=\"none\"><\/path><path d=\"M9 21.25a.75.75 0 0 1 0-1.5h2.25v-3.044a6.278 6.278 0 0 1-5.129-4.038A4.748 4.748 0 0 1 2.25 8V6A.751.751 0 0 1 3 5.25h2.337l-.087-1.2a.75.75 0 0 1 .75-.8h12a.75.75 0 0 1 .75.8l-.088 1.2H21a.75.75 0 0 1 .751.751v2a4.752 4.752 0 0 1-3.871 4.669 6.279 6.279 0 0 1-5.13 4.035v3.045H15a.75.75 0 0 1 0 1.5ZM7.239 10.817a4.774 4.774 0 0 0 9.523 0l.432-6.067H6.806Zm11.019.106c0 .026 0 .052-.006.077a3.253 3.253 0 0 0 2-3V6.75h-1.697ZM3.75 8a3.249 3.249 0 0 0 1.954 2.982l-.29-4.232H3.75Z\"><\/path><\/svg><\/span><span class=\"gb-headline-text\">236<\/span><\/h2>\n\n\n\n<p class=\"gb-headline gb-headline-45adbcc7 gb-headline-text\">Finished projects<\/p>\n\n<\/div><\/div>\n\n<div class=\"gb-grid-column gb-grid-column-96cff715\"><div class=\"gb-container gb-container-96cff715\">\n\n<h2 class=\"gb-headline gb-headline-0cb3075c\"><span class=\"gb-icon\"><svg data-name=\"24x24\/On Light\/Achievements\" xmlns=\"http:\/\/www.w3.org\/2000\/svg\" viewBox=\"0 0 24 24\"><path fill=\"none\" d=\"M0 0h24v24H0z\"><\/path><path d=\"M9 21.25a.75.75 0 0 1 0-1.5h2.25v-3.044a6.278 6.278 0 0 1-5.129-4.038A4.748 4.748 0 0 1 2.25 8V6A.751.751 0 0 1 3 5.25h2.337l-.087-1.2a.75.75 0 0 1 .75-.8h12a.75.75 0 0 1 .75.8l-.088 1.2H21a.75.75 0 0 1 .751.751v2a4.752 4.752 0 0 1-3.871 4.669 6.279 6.279 0 0 1-5.13 4.035v3.045H15a.75.75 0 0 1 0 1.5ZM7.239 10.817a4.774 4.774 0 0 0 9.523 0l.432-6.067H6.806Zm11.019.106c0 .026 0 .052-.006.077a3.253 3.253 0 0 0 2-3V6.75h-1.697ZM3.75 8a3.249 3.249 0 0 0 1.954 2.982l-.29-4.232H3.75Z\"><\/path><\/svg><\/span><span class=\"gb-headline-text\">526<\/span><\/h2>\n\n\n\n<p class=\"gb-headline gb-headline-47fba3ab gb-headline-text\">Top 10 results<\/p>\n\n<\/div><\/div>\n\n<div class=\"gb-grid-column gb-grid-column-73aa4d25\"><div class=\"gb-container gb-container-73aa4d25\">\n\n<h2 class=\"gb-headline gb-headline-4cbee9d1\"><span class=\"gb-icon\"><svg data-name=\"24x24\/On Light\/Achievements\" xmlns=\"http:\/\/www.w3.org\/2000\/svg\" viewBox=\"0 0 24 24\"><path fill=\"none\" d=\"M0 0h24v24H0z\"><\/path><path d=\"M9 21.25a.75.75 0 0 1 0-1.5h2.25v-3.044a6.278 6.278 0 0 1-5.129-4.038A4.748 4.748 0 0 1 2.25 8V6A.751.751 0 0 1 3 5.25h2.337l-.087-1.2a.75.75 0 0 1 .75-.8h12a.75.75 0 0 1 .75.8l-.088 1.2H21a.75.75 0 0 1 .751.751v2a4.752 4.752 0 0 1-3.871 4.669 6.279 6.279 0 0 1-5.13 4.035v3.045H15a.75.75 0 0 1 0 1.5ZM7.239 10.817a4.774 4.774 0 0 0 9.523 0l.432-6.067H6.806Zm11.019.106c0 .026 0 .052-.006.077a3.253 3.253 0 0 0 2-3V6.75h-1.697ZM3.75 8a3.249 3.249 0 0 0 1.954 2.982l-.29-4.232H3.75Z\"><\/path><\/svg><\/span><span class=\"gb-headline-text\">345<\/span><\/h2>\n\n\n\n<p class=\"gb-headline gb-headline-9f4c51dd gb-headline-text\">Online strategies<\/p>\n\n<\/div><\/div>\n\n<div class=\"gb-grid-column gb-grid-column-0576af11\"><div class=\"gb-container gb-container-0576af11\">\n\n<h2 class=\"gb-headline gb-headline-12ebd73c\"><span class=\"gb-icon\"><svg data-name=\"24x24\/On Light\/Achievements\" xmlns=\"http:\/\/www.w3.org\/2000\/svg\" viewBox=\"0 0 24 24\"><path fill=\"none\" d=\"M0 0h24v24H0z\"><\/path><path d=\"M9 21.25a.75.75 0 0 1 0-1.5h2.25v-3.044a6.278 6.278 0 0 1-5.129-4.038A4.748 4.748 0 0 1 2.25 8V6A.751.751 0 0 1 3 5.25h2.337l-.087-1.2a.75.75 0 0 1 .75-.8h12a.75.75 0 0 1 .75.8l-.088 1.2H21a.75.75 0 0 1 .751.751v2a4.752 4.752 0 0 1-3.871 4.669 6.279 6.279 0 0 1-5.13 4.035v3.045H15a.75.75 0 0 1 0 1.5ZM7.239 10.817a4.774 4.774 0 0 0 9.523 0l.432-6.067H6.806Zm11.019.106c0 .026 0 .052-.006.077a3.253 3.253 0 0 0 2-3V6.75h-1.697ZM3.75 8a3.249 3.249 0 0 0 1.954 2.982l-.29-4.232H3.75Z\"><\/path><\/svg><\/span><span class=\"gb-headline-text\">974<\/span><\/h2>\n\n\n\n<p class=\"gb-headline gb-headline-23acd7ed gb-headline-text\">Happy customers<\/p>\n\n<\/div><\/div>\n<\/div>\n\n\n<p><\/p>\n\n<\/section>\n\n\n<p><\/p>\n\n\n<section class=\"gb-container gb-container-4d8b0db1\">\n<div class=\"gb-container gb-container-fdb4a540\">\n<div class=\"gb-container gb-container-be2853c6\">\n\n<h2 class=\"gb-headline gb-headline-8fa6fa04 gb-headline-text\">Get a free SEO audit<\/h2>\n\n\n\n<p class=\"gb-headline gb-headline-e58ba885 gb-headline-text\">Etiam nec velit eu elit condimentum elementum quis non sem. Etiam non tortor sed nisl fermentum tempor id id arcu.<\/p>\n\n\n\n<p class=\"gb-headline gb-headline-eb66a140 gb-headline-text\">[Enter your form here]<\/p>\n\n<\/div>\n\n<div class=\"gb-container gb-container-c1300a4b\">\n\n<figure class=\"gb-block-image gb-block-image-a8a1a064\"><img decoding=\"async\" class=\"gb-image gb-image-a8a1a064\" src=\"https:\/\/hogeitabi.com\/wp-content\/uploads\/2022\/05\/business-6680123.svg\" title=\"business-6680123\"\/><\/figure>\n\n<\/div>\n<\/div>\n<\/section>","protected":false},"excerpt":{"rendered":"<p>AUMENTA TUS VENTAS NUESTROS SERVICIOS Get a free SEO audit Etiam nec velit eu elit condimentum elementum quis non sem. Etiam non tortor sed nisl fermentum tempor id id arcu. [Enter your form here]<\/p>\n","protected":false},"author":1,"featured_media":0,"parent":0,"menu_order":0,"comment_status":"closed","ping_status":"closed","template":"","meta":{"_themeisle_gutenberg_block_has_review":false,"footnotes":""},"class_list":["post-372","page","type-page","status-publish"],"_links":{"self":[{"href":"https:\/\/hogeitabi.com\/en\/wp-json\/wp\/v2\/pages\/372","targetHints":{"allow":["GET"]}}],"collection":[{"href":"https:\/\/hogeitabi.com\/en\/wp-json\/wp\/v2\/pages"}],"about":[{"href":"https:\/\/hogeitabi.com\/en\/wp-json\/wp\/v2\/types\/page"}],"author":[{"embeddable":true,"href":"https:\/\/hogeitabi.com\/en\/wp-json\/wp\/v2\/users\/1"}],"replies":[{"embeddable":true,"href":"https:\/\/hogeitabi.com\/en\/wp-json\/wp\/v2\/comments?post=372"}],"version-history":[{"count":5,"href":"https:\/\/hogeitabi.com\/en\/wp-json\/wp\/v2\/pages\/372\/revisions"}],"predecessor-version":[{"id":31256,"href":"https:\/\/hogeitabi.com\/en\/wp-json\/wp\/v2\/pages\/372\/revisions\/31256"}],"wp:attachment":[{"href":"https:\/\/hogeitabi.com\/en\/wp-json\/wp\/v2\/media?parent=372"}],"curies":[{"name":"wp","href":"https:\/\/api.w.org\/{rel}","templated":true}]}}