{"id":31388,"date":"2024-09-19T19:47:31","date_gmt":"2024-09-19T19:47:31","guid":{"rendered":"https:\/\/hogeitabi.com\/?page_id=31388"},"modified":"2024-11-13T19:13:58","modified_gmt":"2024-11-13T19:13:58","slug":"chat","status":"publish","type":"page","link":"https:\/\/hogeitabi.com\/en\/chat\/","title":{"rendered":"chat"},"content":{"rendered":"<section class=\"gb-container gb-container-8cf8b04f\">\n<div class=\"gb-container gb-container-dfac1555\">\n\n<p>Bienvenidos a HOGEITABI, un crisol donde la pasi\u00f3n por la innovaci\u00f3n digital y la excelencia estrat\u00e9gica se fusionan para crear soluciones revolucionarias en SEO, marketing digital, y dise\u00f1o web. Nacimos de la ambici\u00f3n de transformar el panorama digital, guiando a las marcas hacia el \u00e9xito en un mundo cada vez m\u00e1s conectado.<\/p>\n\n<\/div>\n<\/section>\n\n<section class=\"gb-container gb-container-b6668e63\">\n<div class=\"gb-container gb-container-4ed95402\">\n<div class=\"gb-container gb-container-49992088\">\n\n<div class=\"wp-block-columns is-layout-flex wp-container-core-columns-is-layout-9d6595d7 wp-block-columns-is-layout-flex\">\n<div class=\"wp-block-column is-layout-flow wp-block-column-is-layout-flow\" style=\"flex-basis:20%\">\n<h2 class=\"wp-block-heading\" style=\"font-size:150px\">\ud83c\udf31<\/h2>\n<\/div>\n\n\n\n<div class=\"wp-block-column is-layout-flow wp-block-column-is-layout-flow\" style=\"flex-basis:80%\">\n<h2 class=\"wp-block-heading\"><strong>Nuestra Misi\u00f3n<\/strong><\/h2>\n\n\n\n<p>En HOGEITABI, nuestra misi\u00f3n es clara: empoderar a las empresas para que alcancen y superen sus objetivos de presencia online, a trav\u00e9s de estrategias personalizadas, tecnolog\u00eda avanzada y un profundo entendimiento del comportamiento digital. Nos esforzamos por ser m\u00e1s que proveedores de servicios; somos socios estrat\u00e9gicos comprometidos con el crecimiento y la innovaci\u00f3n continuos de nuestros clientes.<\/p>\n<\/div>\n<\/div>\n\n<\/div>\n<\/div>\n<\/section>\n\n<section class=\"gb-container gb-container-21063167\">\n<div class=\"gb-container gb-container-27aebb74\">\n<div class=\"gb-container gb-container-3f092832\">\n\n<div class=\"wp-block-columns is-layout-flex wp-container-core-columns-is-layout-9d6595d7 wp-block-columns-is-layout-flex\">\n<div class=\"wp-block-column is-layout-flow wp-block-column-is-layout-flow\" style=\"flex-basis:80%\">\n<h2 class=\"wp-block-heading\"><strong>Nuestra Visi\u00f3n<\/strong><\/h2>\n\n\n\n<p>Aspiramos a ser l\u00edderes y referentes en la industria digital, conocidos por nuestra capacidad para anticiparnos a las tendencias, innovar en nuestras soluciones y generar un impacto real y medible en el negocio de nuestros clientes. En HOGEITABI, creemos en el poder de la tecnolog\u00eda para conectar, transformar y enriquecer las relaciones entre las marcas y sus audiencias.<\/p>\n<\/div>\n\n\n\n<div class=\"wp-block-column is-layout-flow wp-block-column-is-layout-flow\" style=\"flex-basis:20%\">\n<h2 class=\"wp-block-heading\" style=\"font-size:150px\">\ud83c\udf1f<\/h2>\n<\/div>\n<\/div>\n\n<\/div>\n<\/div>\n<\/section>\n\n<section class=\"gb-container gb-container-7d2e440c\">\n<div class=\"gb-container gb-container-d97fa34d\">\n<div class=\"gb-container gb-container-d6acf9ee\">\n\n<div class=\"wp-block-columns is-layout-flex wp-container-core-columns-is-layout-9d6595d7 wp-block-columns-is-layout-flex\">\n<div class=\"wp-block-column is-layout-flow wp-block-column-is-layout-flow\" style=\"flex-basis:20%\">\n<h2 class=\"wp-block-heading\" style=\"font-size:150px\">\u2764\ufe0f<\/h2>\n<\/div>\n\n\n\n<div class=\"wp-block-column is-layout-flow wp-block-column-is-layout-flow\" style=\"flex-basis:80%\">\n<h2 class=\"wp-block-heading\"><strong>Nuestros Valores<\/strong><\/h2>\n\n\n\n<ul class=\"wp-block-list\">\n<li><strong>Innovaci\u00f3n:<\/strong> Estamos constantemente en b\u00fasqueda de nuevas y mejores maneras de resolver desaf\u00edos digitales, siempre un paso adelante en la adopci\u00f3n de tecnolog\u00edas y enfoques disruptivos.<\/li>\n\n\n\n<li><strong>Personalizaci\u00f3n:<\/strong> Entendemos que cada marca es \u00fanica. Por ello, nuestras estrategias y soluciones son meticulosamente adaptadas para satisfacer las necesidades espec\u00edficas de cada cliente.<\/li>\n\n\n\n<li><strong>Transparencia:<\/strong> Creemos en la importancia de construir relaciones basadas en la confianza. Mantenemos una comunicaci\u00f3n abierta y honesta con nuestros clientes en cada paso del camino.<\/li>\n\n\n\n<li><strong>Excelencia:<\/strong> Nuestra dedicaci\u00f3n a la calidad es inquebrantable. Desde la concepci\u00f3n hasta la ejecuci\u00f3n, cada proyecto es una oportunidad para superar las expectativas.<\/li>\n\n\n\n<li><strong>Colaboraci\u00f3n:<\/strong> Fomentamos un ambiente de trabajo donde la colaboraci\u00f3n entre equipos y con nuestros clientes es clave para el \u00e9xito mutuo.<\/li>\n<\/ul>\n<\/div>\n<\/div>\n\n<\/div>\n<\/div>\n<\/section>\n\n<section class=\"gb-container gb-container-e4cc5e2c\">\n<section class=\"gb-container gb-container-33539c46\">\n<div class=\"gb-container gb-container-1e29fba8\">\n<div class=\"gb-container gb-container-282fac15\">\n\n<div class=\"wp-block-columns is-layout-flex wp-container-core-columns-is-layout-9d6595d7 wp-block-columns-is-layout-flex\">\n<div class=\"wp-block-column is-layout-flow wp-block-column-is-layout-flow\" style=\"flex-basis:100%\">\n<h2 class=\"wp-block-heading has-base-3-color has-text-color has-link-color wp-elements-d4937ecc574c2ba56fbc39513c4587a0\" style=\"text-transform:uppercase\">Nuestra Historia<\/h2>\n\n\n\n<p>Fundada por un grupo de visionarios expertos en tecnolog\u00eda, marketing y dise\u00f1o, HOGEITABI comenz\u00f3 como una startup con grandes sue\u00f1os: revolucionar la manera en que las marcas interact\u00faan con sus audiencias en l\u00ednea. A trav\u00e9s de los a\u00f1os, hemos crecido, aprendido y evolucionado, pero nuestra esencia sigue siendo la misma: impulsar el \u00e9xito digital de nuestros clientes.<\/p>\n<\/div>\n<\/div>\n\n<\/div>\n<\/div>\n<\/section>\n\n<section class=\"gb-container gb-container-ff004f68\">\n<div class=\"gb-container gb-container-9c657ed2\">\n<div class=\"gb-container gb-container-aff8f2b5\">\n\n<div class=\"wp-block-columns is-layout-flex wp-container-core-columns-is-layout-9d6595d7 wp-block-columns-is-layout-flex\">\n<div class=\"wp-block-column is-layout-flow wp-block-column-is-layout-flow\" style=\"flex-basis:20%\">\n<h2 class=\"wp-block-heading\" style=\"font-size:150px\">\ud83d\udee1\ufe0f<\/h2>\n<\/div>\n\n\n\n<div class=\"wp-block-column is-layout-flow wp-block-column-is-layout-flow\" style=\"flex-basis:80%\">\n<h2 class=\"wp-block-heading\"><strong><strong>Nuestro Equipo<\/strong><\/strong><\/h2>\n\n\n\n<p>Detr\u00e1s de HOGEITABI hay un equipo diverso y talentoso de estrategas, creativos, desarrolladores y analistas, todos unidos por una pasi\u00f3n com\u00fan: la excelencia digital. Nos enorgullecemos de nuestra capacidad para trabajar en conjunto, combinando nuestras habilidades y conocimientos para producir resultados excepcionales.<\/p>\n<\/div>\n<\/div>\n\n<\/div>\n<\/div>\n<\/section>\n\n<section class=\"gb-container gb-container-b0b5b135\">\n<div class=\"gb-container gb-container-4418b266\">\n<div class=\"gb-container gb-container-ba06f34a\">\n\n<div class=\"wp-block-columns is-layout-flex wp-container-core-columns-is-layout-9d6595d7 wp-block-columns-is-layout-flex\">\n<div class=\"wp-block-column is-layout-flow wp-block-column-is-layout-flow\" style=\"flex-basis:80%\">\n<h2 class=\"wp-block-heading\"><strong><strong>Nuestro Compromiso<\/strong><\/strong><\/h2>\n\n\n\n<p>Comprometidos con el \u00e9xito de nuestros clientes, en HOGEITABI nos dedicamos a explorar cada posibilidad, desafiando los l\u00edmites de lo digital. Nuestro compromiso es ser tus aliados en cada etapa de tu viaje digital, asegurando que cada clic te acerque m\u00e1s a tus metas.<\/p>\n<\/div>\n\n\n\n<div class=\"wp-block-column is-layout-flow wp-block-column-is-layout-flow\" style=\"flex-basis:20%\">\n<h2 class=\"wp-block-heading\" style=\"font-size:150px\">\ud83e\udd1d<\/h2>\n<\/div>\n<\/div>\n\n<\/div>\n<\/div>\n<\/section>\n\n<section class=\"gb-container gb-container-e23fe14d\">\n<div class=\"gb-container gb-container-2e05133c\">\n<div class=\"gb-container gb-container-18a92d05\">\n\n<div class=\"wp-block-columns is-layout-flex wp-container-core-columns-is-layout-9d6595d7 wp-block-columns-is-layout-flex\">\n<div class=\"wp-block-column is-layout-flow wp-block-column-is-layout-flow\" style=\"flex-basis:20%\">\n<h2 class=\"wp-block-heading\" style=\"font-size:150px\">\ud83d\udc50<\/h2>\n<\/div>\n\n\n\n<div class=\"wp-block-column is-layout-flow wp-block-column-is-layout-flow\" style=\"flex-basis:80%\">\n<h2 class=\"wp-block-heading\"><strong><strong>Invitaci\u00f3n a Colaborar<\/strong><\/strong><\/h2>\n\n\n\n<p>Te invitamos a unirte a nosotros en este emocionante viaje hacia el \u00e9xito digital. Con HOGEITABI, tu marca est\u00e1 lista para brillar en el vasto universo online. Juntos, podemos crear conexiones inolvidables, impulsar tu crecimiento y transformar el futuro digital.<\/p>\n\n\n\n<p><strong>Bienvenidos a HOGEITABI. Impulsando marcas, conectando mundos.<\/strong><\/p>\n<\/div>\n<\/div>\n\n\n    <script type=\"text\/javascript\">\n        document.addEventListener(\"DOMContentLoaded\", function() {\n            let kchat_settings = {\"chatbot_chatgpt_model\":\"gpt-3.5-turbo\",\"chatbot_chatgpt_display_style\":\"floating\",\"chatbot_chatgpt_audience_choice\":\"all\",\"chatbot_chatgpt_additional_instructions\":\"\",\"model\":\"gpt-3.5-turbo\",\"chatbot_chatgpt_model_choice\":\"gpt-3.5-turbo\",\"voice\":\"alloy\",\"chatbot_chatgpt_voice_option\":\"alloy\",\"additional_instructions\":\"\",\"chatbot_chatgpt_message_limit_setting\":\"999\",\"chatbot_chatgpt_message_limit_period_setting\":\"Lifetime\",\"chatbot_chatgpt_display_message_count\":\"No\",\"chatbot_chatgpt_version\":\"2.4.6\",\"plugins_url\":\"https:\\\/\\\/hogeitabi.com\\\/wp-content\\\/plugins\\\/chatbot-chatgpt\\\/\",\"ajax_url\":\"https:\\\/\\\/hogeitabi.com\\\/wp-admin\\\/admin-ajax.php\",\"user_id\":0,\"page_id\":31388,\"session_id\":\"kognetiks_69f609cf309b06.98794261\",\"thread_id\":null,\"assistant_id\":\"asst_aVH02ih0xs5yhEc2yhtb8Z8x\",\"chatbot_chatgpt_timeout_setting\":\"240\",\"chatbot_chatgpt_avatar_icon_setting\":\"spring-006.png\",\"chatbot_chatgpt_custom_avatar_icon_setting\":\"\",\"chatbot_chatgpt_avatar_greeting_setting\":\"Hola! Te puedo ayudar a encontrar lo que buscas\",\"chatbot_chatgpt_force_page_reload\":\"Yes\",\"chatbot_chatgpt_custom_error_message\":\"Your custom error message goes here.\",\"chatbot_chatgpt_appearance_open_icon\":\"\",\"chatbot_chatgpt_appearance_collapse_icon\":\"\",\"chatbot_chatgpt_appearance_erase_icon\":\"\",\"chatbot_chatgpt_appearance_mic_enabled_icon\":\"\",\"chatbot_chatgpt_appearance_mic_disabled_icon\":\"\",\"chatbot_chatgpt_width_setting\":\"Wide\",\"chatbot_chatgpt_start_status\":\"closed\",\"chatbot_chatgpt_start_status_new_visitor\":\"closed\",\"chatbot_chatgpt_initial_greeting\":\"Hola, Soy tu asistente recomendador de ordenadores port\\u00e1tiles \\u00bfQu\\u00e9 est\\u00e1s buscando?\",\"chatbot_chatgpt_subsequent_greeting\":\"Hola de nuevo! Soy tu asistente recomendador de ordenadores port\\u00e1tiles \\u00bfQu\\u00e9 est\\u00e1s buscando?\",\"chatbot_chatgpt_allow_file_uploads\":\"Yes\",\"chatbot_chatgpt_allow_mp3_uploads\":\"No\",\"chatbot_chatgpt_read_aloud_option\":\"yes\",\"chatbot_chatgpt_allow_download_transcript\":\"Yes\",\"chatbot_chatgpt_conversation_continuation\":\"On\",\"chatbot_chatgpt_bot_name\":\"primary\"};\n            if (kchat_settings && typeof kchat_settings === \"object\") {\n                \/\/ Resolve LocalStorage - Ver 2.1.1.1.R2\n                const includeKeys = [\n                    'chatbot_chatgpt_last_reset',\n                    'chatbot_chatgpt_message_count',\n                    'chatbot_chatgpt_display_message_count',\n                    'chatbot_chatgpt_message_limit_setting',\n                    'chatbot_chatgpt_message_limit_period_setting',\n                    'chatbot_chatgpt_start_status',\n                    'chatbot_chatgpt_start_status_new_visitor',\n                    'chatbot_chatgpt_opened',\n                    'chatbot_chatgpt_last_reset'\n                ];\n                Object.keys(kchat_settings).forEach(function(key) {\n                    if (includeKeys.includes(key)) {\n                        localStorage.setItem(key, kchat_settings[key]);\n                        \/\/ DiAG - Diagnostics - Ver 2.4.5\n                        \/\/ console.log(\"Chatbot: NOTICE: chatbot-shortcode.php - Key: \" + key + \" Value: \" + kchat_settings[key]);\n                    }\n                });\n                \/\/ Dispatch custom event after setting localStorage keys\n                document.dispatchEvent(new Event('kchat_settingsSet'));\n            }\n        });\n    <\/script>\n            <div id=\"chatbot-chatgpt\">\n            <div id=\"chatbot-chatgpt-header\" data-cache-buster=\"1777732047\">\n                <div id=\"chatbot-chatgpt-title\" class=\"title\">hogeibi_portatiles<\/div>\n            <\/div>\n            <div id=\"chatbot-chatgpt-conversation\"><\/div>\n            <div id=\"chatbot-chatgpt-input\">\n                <div id=\"chatbot-chatgpt-input-area\">\n                    <label for=\"chatbot-chatgpt-message\"><\/label>\n                    <center><textarea id='chatbot-chatgpt-message' rows='2' placeholder='Introduce tu pregunta...' style='width: 95%;'><\/textarea><\/center>                <\/div>\n            <\/div>\n            <div id=\"chatbot-chatgpt-buttons-container\">\n                <button id=\"chatbot-chatgpt-submit\" title=\"Send Message\">\n                <img decoding=\"async\" src=\"https:\/\/hogeitabi.com\/wp-content\/plugins\/chatbot-chatgpt\/includes\/settings\/..\/..\/assets\/icons\/send_FILL0_wght400_GRAD0_opsz24.png\" alt=\"Send\">\n                <\/button>\n                                    <input type=\"file\" id=\"chatbot-chatgpt-upload-file-input\" name=\"file[]\" style=\"display: none;\" multiple=\"multiple\" \/>\n                    <button id=\"chatbot-chatgpt-upload-file\" title=\"Upload Files\">\n                        <img decoding=\"async\" src=\"https:\/\/hogeitabi.com\/wp-content\/plugins\/chatbot-chatgpt\/includes\/settings\/..\/..\/assets\/icons\/attach_file_FILL0_wght400_GRAD0_opsz24.png\" alt=\"Upload File\">\n                    <\/button>\n                    <script type=\"text\/javascript\">\n                        document.getElementById('chatbot-chatgpt-upload-file').addEventListener('click', function() {\n                            document.getElementById('chatbot-chatgpt-upload-file-input').click();\n                        });\n                    <\/script>\n                                                <button id=\"chatbot-chatgpt-erase-btn\" title=\"Clear Conversation\">\n                    <img decoding=\"async\" src=\"https:\/\/hogeitabi.com\/wp-content\/plugins\/chatbot-chatgpt\/includes\/settings\/..\/..\/assets\/icons\/delete_FILL0_wght400_GRAD0_opsz24.png\" alt=\"Erase Conversation\">\n                <\/button>\n                                    <button id=\"chatbot-chatgpt-text-to-speech-btn\" title=\"Read Aloud\">\n                        <img decoding=\"async\" src=\"https:\/\/hogeitabi.com\/wp-content\/plugins\/chatbot-chatgpt\/includes\/settings\/..\/..\/assets\/icons\/text_to_speech_FILL0_wght400_GRAD0_opsz24.png\" alt=\"Read Out Loud\">\n                    <\/button>\n                                                                    <button id=\"chatbot-chatgpt-download-transcript-btn\" title=\"Download Transcript\">\n                        <img decoding=\"async\" src=\"https:\/\/hogeitabi.com\/wp-content\/plugins\/chatbot-chatgpt\/includes\/settings\/..\/..\/assets\/icons\/download_FILL0_wght400_GRAD0_opsz24.png\" alt=\"Download Transcript\">\n                    <\/button>\n                            <\/div>\n                <div id=\"chatbot-chatgpt-custom-buttons\">\n            <\/div>\n            <\/div>\n        <div>\n            <button id=\"chatgpt-open-btn\" style=\"display: none;\" aria-hidden=\"true\">\n                <i class=\"chatbot-open-icon\"><\/i>\n            <\/button>\n        <\/div>\n        \n\n<\/div>\n<\/div>\n<\/section>\n<\/section>\n\n\n<p><\/p>\n\n\n<div class=\"gb-container gb-container-504aa956\"><\/div>","protected":false},"excerpt":{"rendered":"<p>Bienvenidos a HOGEITABI, un crisol donde la pasi\u00f3n por la innovaci\u00f3n digital y la excelencia estrat\u00e9gica se fusionan para crear soluciones revolucionarias en SEO, marketing digital, y dise\u00f1o web. Nacimos de la ambici\u00f3n de transformar el panorama digital, guiando a las marcas hacia el \u00e9xito en un mundo cada vez m\u00e1s conectado. \ud83c\udf31 Nuestra Misi\u00f3n &#8230; <a title=\"chat\" class=\"read-more\" href=\"https:\/\/hogeitabi.com\/en\/chat\/\" aria-label=\"Read more about chat\">Read more<\/a><\/p>","protected":false},"author":1,"featured_media":0,"parent":0,"menu_order":0,"comment_status":"closed","ping_status":"closed","template":"","meta":{"_themeisle_gutenberg_block_has_review":false,"footnotes":""},"class_list":["post-31388","page","type-page","status-publish"],"_links":{"self":[{"href":"https:\/\/hogeitabi.com\/en\/wp-json\/wp\/v2\/pages\/31388","targetHints":{"allow":["GET"]}}],"collection":[{"href":"https:\/\/hogeitabi.com\/en\/wp-json\/wp\/v2\/pages"}],"about":[{"href":"https:\/\/hogeitabi.com\/en\/wp-json\/wp\/v2\/types\/page"}],"author":[{"embeddable":true,"href":"https:\/\/hogeitabi.com\/en\/wp-json\/wp\/v2\/users\/1"}],"replies":[{"embeddable":true,"href":"https:\/\/hogeitabi.com\/en\/wp-json\/wp\/v2\/comments?post=31388"}],"version-history":[{"count":4,"href":"https:\/\/hogeitabi.com\/en\/wp-json\/wp\/v2\/pages\/31388\/revisions"}],"predecessor-version":[{"id":31431,"href":"https:\/\/hogeitabi.com\/en\/wp-json\/wp\/v2\/pages\/31388\/revisions\/31431"}],"wp:attachment":[{"href":"https:\/\/hogeitabi.com\/en\/wp-json\/wp\/v2\/media?parent=31388"}],"curies":[{"name":"wp","href":"https:\/\/api.w.org\/{rel}","templated":true}]}}